{"id":652,"date":"2020-10-19T12:22:05","date_gmt":"2020-10-19T15:22:05","guid":{"rendered":"http:\/\/www.principedeasturiasvaldivia.cl\/Instituto\/?page_id=652"},"modified":"2020-10-21T12:15:46","modified_gmt":"2020-10-21T15:15:46","slug":"semana-de-la-ciencia","status":"publish","type":"page","link":"https:\/\/www.principedeasturiasvaldivia.cl\/Instituto\/semana-de-la-ciencia\/","title":{"rendered":"Semana de la Ciencia"},"content":{"rendered":"\n<p>Los d\u00edas 19 y 20 de octubre, el Departamento de Ciencias del Instituto Principe de Asturias, orgaizo una charla titulada &#8220;La ciencias como forma de vida: una mirada desde la cadena agroalimentaria&#8221; dictada por el Prof. Jos\u00e9 Dorner, acad\u00e9mico del Instituto de Ingenier\u00eda Agraria y Suelos.<\/p>\n\n\n\n<p><a href=\"https:\/\/diario.uach.cl\/realizaron-charla-sobre-la-cadena-agroalimentaria-desde-la-mirada-de-la-ciencia\/\">https:\/\/diario.uach.cl\/realizaron-charla-sobre-la-cadena-agroalimentaria-desde-la-mirada-de-la-ciencia\/<\/a><\/p>\n\n\n\n<p><\/p>\n\n\n\n<figure class=\"wp-block-image size-large\"><img decoding=\"async\" src=\"http:\/\/www.principedeasturiasvaldivia.cl\/Instituto\/wp-content\/uploads\/2020\/10\/image-709x1024.png\" alt=\"\" class=\"wp-image-654\"\/><\/figure>\n\n\n\n<figure class=\"wp-block-image size-large\"><img decoding=\"async\" src=\"http:\/\/www.principedeasturiasvaldivia.cl\/Instituto\/wp-content\/uploads\/2020\/10\/modelos-celulares_page-0001-1024x576.jpg\" alt=\"\" class=\"wp-image-655\"\/><\/figure>\n","protected":false},"excerpt":{"rendered":"<p>Los d\u00edas 19 y 20 de octubre, el Departamento de Ciencias del Instituto Principe de Asturias, orgaizo una charla titulada &#8220;La ciencias como forma de vida: una mirada desde la cadena agroalimentaria&#8221; dictada por el Prof. Jos\u00e9 Dorner, acad\u00e9mico del <a href=\"https:\/\/www.principedeasturiasvaldivia.cl\/Instituto\/semana-de-la-ciencia\/\" class=\"read-more\">Leer m\u00e1s&#8230;<\/a><\/p>\n","protected":false},"author":1,"featured_media":0,"parent":0,"menu_order":0,"comment_status":"closed","ping_status":"closed","template":"","meta":{"ngg_post_thumbnail":0,"_expiration-date-status":"saved","_expiration-date":0,"_expiration-date-type":"","_expiration-date-categories":[],"_expiration-date-options":[],"footnotes":""},"class_list":["post-652","page","type-page","status-publish","hentry"],"_links":{"self":[{"href":"https:\/\/www.principedeasturiasvaldivia.cl\/Instituto\/wp-json\/wp\/v2\/pages\/652","targetHints":{"allow":["GET"]}}],"collection":[{"href":"https:\/\/www.principedeasturiasvaldivia.cl\/Instituto\/wp-json\/wp\/v2\/pages"}],"about":[{"href":"https:\/\/www.principedeasturiasvaldivia.cl\/Instituto\/wp-json\/wp\/v2\/types\/page"}],"author":[{"embeddable":true,"href":"https:\/\/www.principedeasturiasvaldivia.cl\/Instituto\/wp-json\/wp\/v2\/users\/1"}],"replies":[{"embeddable":true,"href":"https:\/\/www.principedeasturiasvaldivia.cl\/Instituto\/wp-json\/wp\/v2\/comments?post=652"}],"version-history":[{"count":2,"href":"https:\/\/www.principedeasturiasvaldivia.cl\/Instituto\/wp-json\/wp\/v2\/pages\/652\/revisions"}],"predecessor-version":[{"id":669,"href":"https:\/\/www.principedeasturiasvaldivia.cl\/Instituto\/wp-json\/wp\/v2\/pages\/652\/revisions\/669"}],"wp:attachment":[{"href":"https:\/\/www.principedeasturiasvaldivia.cl\/Instituto\/wp-json\/wp\/v2\/media?parent=652"}],"curies":[{"name":"wp","href":"https:\/\/api.w.org\/{rel}","templated":true}]}}