{"id":2548,"date":"2025-03-03T16:53:15","date_gmt":"2025-03-03T19:53:15","guid":{"rendered":"https:\/\/www.principedeasturiasvaldivia.cl\/Instituto\/?page_id=2548"},"modified":"2026-03-08T22:49:57","modified_gmt":"2026-03-09T01:49:57","slug":"horarios-de-clases","status":"publish","type":"page","link":"https:\/\/www.principedeasturiasvaldivia.cl\/Instituto\/horarios-de-clases\/","title":{"rendered":"Horarios de Clases."},"content":{"rendered":"\n<p>Ense\u00f1anza B\u00e1sica.<\/p>\n\n\n\n<figure class=\"wp-block-gallery has-nested-images columns-2 is-cropped wp-block-gallery-1 is-layout-flex wp-block-gallery-is-layout-flex\">\n<figure class=\"wp-block-image size-full\"><a href=\"https:\/\/www.principedeasturiasvaldivia.cl\/Instituto\/wp-content\/uploads\/2026\/03\/Texto.png\"><img loading=\"lazy\" decoding=\"async\" width=\"2000\" height=\"1414\" data-id=\"2849\" src=\"https:\/\/www.principedeasturiasvaldivia.cl\/Instituto\/wp-content\/uploads\/2026\/03\/Texto.png\" alt=\"\" class=\"wp-image-2849\" srcset=\"https:\/\/www.principedeasturiasvaldivia.cl\/Instituto\/wp-content\/uploads\/2026\/03\/Texto.png 2000w, https:\/\/www.principedeasturiasvaldivia.cl\/Instituto\/wp-content\/uploads\/2026\/03\/Texto-300x212.png 300w, https:\/\/www.principedeasturiasvaldivia.cl\/Instituto\/wp-content\/uploads\/2026\/03\/Texto-1024x724.png 1024w, https:\/\/www.principedeasturiasvaldivia.cl\/Instituto\/wp-content\/uploads\/2026\/03\/Texto-768x543.png 768w, https:\/\/www.principedeasturiasvaldivia.cl\/Instituto\/wp-content\/uploads\/2026\/03\/Texto-1536x1086.png 1536w, https:\/\/www.principedeasturiasvaldivia.cl\/Instituto\/wp-content\/uploads\/2026\/03\/Texto-360x255.png 360w\" sizes=\"auto, (max-width: 2000px) 100vw, 2000px\" \/><\/a><\/figure>\n\n\n\n<figure class=\"wp-block-image size-large\"><a href=\"https:\/\/www.principedeasturiasvaldivia.cl\/Instituto\/wp-content\/uploads\/2026\/03\/5\u00b0B-1.png\"><img loading=\"lazy\" decoding=\"async\" width=\"1024\" height=\"724\" data-id=\"2860\" src=\"https:\/\/www.principedeasturiasvaldivia.cl\/Instituto\/wp-content\/uploads\/2026\/03\/5\u00b0B-1-1024x724.png\" alt=\"\" class=\"wp-image-2860\" srcset=\"https:\/\/www.principedeasturiasvaldivia.cl\/Instituto\/wp-content\/uploads\/2026\/03\/5\u00b0B-1-1024x724.png 1024w, https:\/\/www.principedeasturiasvaldivia.cl\/Instituto\/wp-content\/uploads\/2026\/03\/5\u00b0B-1-300x212.png 300w, https:\/\/www.principedeasturiasvaldivia.cl\/Instituto\/wp-content\/uploads\/2026\/03\/5\u00b0B-1-768x543.png 768w, https:\/\/www.principedeasturiasvaldivia.cl\/Instituto\/wp-content\/uploads\/2026\/03\/5\u00b0B-1-1536x1086.png 1536w, https:\/\/www.principedeasturiasvaldivia.cl\/Instituto\/wp-content\/uploads\/2026\/03\/5\u00b0B-1-360x255.png 360w, https:\/\/www.principedeasturiasvaldivia.cl\/Instituto\/wp-content\/uploads\/2026\/03\/5\u00b0B-1.png 2000w\" sizes=\"auto, (max-width: 1024px) 100vw, 1024px\" \/><\/a><\/figure>\n\n\n\n<figure class=\"wp-block-image size-large\"><a href=\"https:\/\/www.principedeasturiasvaldivia.cl\/Instituto\/wp-content\/uploads\/2026\/03\/6\u00b0A.png\"><img loading=\"lazy\" decoding=\"async\" width=\"1024\" height=\"724\" data-id=\"2852\" src=\"https:\/\/www.principedeasturiasvaldivia.cl\/Instituto\/wp-content\/uploads\/2026\/03\/6\u00b0A-1024x724.png\" alt=\"\" class=\"wp-image-2852\" srcset=\"https:\/\/www.principedeasturiasvaldivia.cl\/Instituto\/wp-content\/uploads\/2026\/03\/6\u00b0A-1024x724.png 1024w, https:\/\/www.principedeasturiasvaldivia.cl\/Instituto\/wp-content\/uploads\/2026\/03\/6\u00b0A-300x212.png 300w, https:\/\/www.principedeasturiasvaldivia.cl\/Instituto\/wp-content\/uploads\/2026\/03\/6\u00b0A-768x543.png 768w, https:\/\/www.principedeasturiasvaldivia.cl\/Instituto\/wp-content\/uploads\/2026\/03\/6\u00b0A-1536x1086.png 1536w, https:\/\/www.principedeasturiasvaldivia.cl\/Instituto\/wp-content\/uploads\/2026\/03\/6\u00b0A-360x255.png 360w, https:\/\/www.principedeasturiasvaldivia.cl\/Instituto\/wp-content\/uploads\/2026\/03\/6\u00b0A.png 2000w\" sizes=\"auto, (max-width: 1024px) 100vw, 1024px\" \/><\/a><\/figure>\n\n\n\n<figure class=\"wp-block-image size-large\"><a href=\"https:\/\/www.principedeasturiasvaldivia.cl\/Instituto\/wp-content\/uploads\/2026\/03\/6\u00b0B.png\"><img loading=\"lazy\" decoding=\"async\" width=\"1024\" height=\"724\" data-id=\"2853\" src=\"https:\/\/www.principedeasturiasvaldivia.cl\/Instituto\/wp-content\/uploads\/2026\/03\/6\u00b0B-1024x724.png\" alt=\"\" class=\"wp-image-2853\" srcset=\"https:\/\/www.principedeasturiasvaldivia.cl\/Instituto\/wp-content\/uploads\/2026\/03\/6\u00b0B-1024x724.png 1024w, https:\/\/www.principedeasturiasvaldivia.cl\/Instituto\/wp-content\/uploads\/2026\/03\/6\u00b0B-300x212.png 300w, https:\/\/www.principedeasturiasvaldivia.cl\/Instituto\/wp-content\/uploads\/2026\/03\/6\u00b0B-768x543.png 768w, https:\/\/www.principedeasturiasvaldivia.cl\/Instituto\/wp-content\/uploads\/2026\/03\/6\u00b0B-1536x1086.png 1536w, https:\/\/www.principedeasturiasvaldivia.cl\/Instituto\/wp-content\/uploads\/2026\/03\/6\u00b0B-360x255.png 360w, https:\/\/www.principedeasturiasvaldivia.cl\/Instituto\/wp-content\/uploads\/2026\/03\/6\u00b0B.png 2000w\" sizes=\"auto, (max-width: 1024px) 100vw, 1024px\" \/><\/a><\/figure>\n\n\n\n<figure class=\"wp-block-image size-large\"><a href=\"https:\/\/www.principedeasturiasvaldivia.cl\/Instituto\/wp-content\/uploads\/2026\/03\/7\u00b0A.png\"><img loading=\"lazy\" decoding=\"async\" width=\"1024\" height=\"724\" data-id=\"2855\" src=\"https:\/\/www.principedeasturiasvaldivia.cl\/Instituto\/wp-content\/uploads\/2026\/03\/7\u00b0A-1024x724.png\" alt=\"\" class=\"wp-image-2855\" srcset=\"https:\/\/www.principedeasturiasvaldivia.cl\/Instituto\/wp-content\/uploads\/2026\/03\/7\u00b0A-1024x724.png 1024w, https:\/\/www.principedeasturiasvaldivia.cl\/Instituto\/wp-content\/uploads\/2026\/03\/7\u00b0A-300x212.png 300w, https:\/\/www.principedeasturiasvaldivia.cl\/Instituto\/wp-content\/uploads\/2026\/03\/7\u00b0A-768x543.png 768w, https:\/\/www.principedeasturiasvaldivia.cl\/Instituto\/wp-content\/uploads\/2026\/03\/7\u00b0A-1536x1086.png 1536w, https:\/\/www.principedeasturiasvaldivia.cl\/Instituto\/wp-content\/uploads\/2026\/03\/7\u00b0A-360x255.png 360w, https:\/\/www.principedeasturiasvaldivia.cl\/Instituto\/wp-content\/uploads\/2026\/03\/7\u00b0A.png 2000w\" sizes=\"auto, (max-width: 1024px) 100vw, 1024px\" \/><\/a><\/figure>\n\n\n\n<figure class=\"wp-block-image size-large\"><a href=\"https:\/\/www.principedeasturiasvaldivia.cl\/Instituto\/wp-content\/uploads\/2026\/03\/7\u00b0B.png\"><img loading=\"lazy\" decoding=\"async\" width=\"1024\" height=\"724\" data-id=\"2856\" src=\"https:\/\/www.principedeasturiasvaldivia.cl\/Instituto\/wp-content\/uploads\/2026\/03\/7\u00b0B-1024x724.png\" alt=\"\" class=\"wp-image-2856\" srcset=\"https:\/\/www.principedeasturiasvaldivia.cl\/Instituto\/wp-content\/uploads\/2026\/03\/7\u00b0B-1024x724.png 1024w, https:\/\/www.principedeasturiasvaldivia.cl\/Instituto\/wp-content\/uploads\/2026\/03\/7\u00b0B-300x212.png 300w, https:\/\/www.principedeasturiasvaldivia.cl\/Instituto\/wp-content\/uploads\/2026\/03\/7\u00b0B-768x543.png 768w, https:\/\/www.principedeasturiasvaldivia.cl\/Instituto\/wp-content\/uploads\/2026\/03\/7\u00b0B-1536x1086.png 1536w, https:\/\/www.principedeasturiasvaldivia.cl\/Instituto\/wp-content\/uploads\/2026\/03\/7\u00b0B-360x255.png 360w, https:\/\/www.principedeasturiasvaldivia.cl\/Instituto\/wp-content\/uploads\/2026\/03\/7\u00b0B.png 2000w\" sizes=\"auto, (max-width: 1024px) 100vw, 1024px\" \/><\/a><\/figure>\n\n\n\n<figure class=\"wp-block-image size-large\"><a href=\"https:\/\/www.principedeasturiasvaldivia.cl\/Instituto\/wp-content\/uploads\/2026\/03\/8\u00b0A.png\"><img loading=\"lazy\" decoding=\"async\" width=\"1024\" height=\"724\" data-id=\"2857\" src=\"https:\/\/www.principedeasturiasvaldivia.cl\/Instituto\/wp-content\/uploads\/2026\/03\/8\u00b0A-1024x724.png\" alt=\"\" class=\"wp-image-2857\" srcset=\"https:\/\/www.principedeasturiasvaldivia.cl\/Instituto\/wp-content\/uploads\/2026\/03\/8\u00b0A-1024x724.png 1024w, https:\/\/www.principedeasturiasvaldivia.cl\/Instituto\/wp-content\/uploads\/2026\/03\/8\u00b0A-300x212.png 300w, https:\/\/www.principedeasturiasvaldivia.cl\/Instituto\/wp-content\/uploads\/2026\/03\/8\u00b0A-768x543.png 768w, https:\/\/www.principedeasturiasvaldivia.cl\/Instituto\/wp-content\/uploads\/2026\/03\/8\u00b0A-1536x1086.png 1536w, https:\/\/www.principedeasturiasvaldivia.cl\/Instituto\/wp-content\/uploads\/2026\/03\/8\u00b0A-360x255.png 360w, https:\/\/www.principedeasturiasvaldivia.cl\/Instituto\/wp-content\/uploads\/2026\/03\/8\u00b0A.png 2000w\" sizes=\"auto, (max-width: 1024px) 100vw, 1024px\" \/><\/a><\/figure>\n\n\n\n<figure class=\"wp-block-image size-large\"><a href=\"https:\/\/www.principedeasturiasvaldivia.cl\/Instituto\/wp-content\/uploads\/2026\/03\/8\u00b0B.png\"><img loading=\"lazy\" decoding=\"async\" width=\"1024\" height=\"724\" data-id=\"2858\" src=\"https:\/\/www.principedeasturiasvaldivia.cl\/Instituto\/wp-content\/uploads\/2026\/03\/8\u00b0B-1024x724.png\" alt=\"\" class=\"wp-image-2858\" srcset=\"https:\/\/www.principedeasturiasvaldivia.cl\/Instituto\/wp-content\/uploads\/2026\/03\/8\u00b0B-1024x724.png 1024w, https:\/\/www.principedeasturiasvaldivia.cl\/Instituto\/wp-content\/uploads\/2026\/03\/8\u00b0B-300x212.png 300w, https:\/\/www.principedeasturiasvaldivia.cl\/Instituto\/wp-content\/uploads\/2026\/03\/8\u00b0B-768x543.png 768w, https:\/\/www.principedeasturiasvaldivia.cl\/Instituto\/wp-content\/uploads\/2026\/03\/8\u00b0B-1536x1086.png 1536w, https:\/\/www.principedeasturiasvaldivia.cl\/Instituto\/wp-content\/uploads\/2026\/03\/8\u00b0B-360x255.png 360w, https:\/\/www.principedeasturiasvaldivia.cl\/Instituto\/wp-content\/uploads\/2026\/03\/8\u00b0B.png 2000w\" sizes=\"auto, (max-width: 1024px) 100vw, 1024px\" \/><\/a><\/figure>\n\n\n\n<figure class=\"wp-block-image size-large\"><a href=\"https:\/\/www.principedeasturiasvaldivia.cl\/Instituto\/wp-content\/uploads\/2026\/03\/1MA.png\"><img loading=\"lazy\" decoding=\"async\" width=\"1024\" height=\"724\" data-id=\"2862\" src=\"https:\/\/www.principedeasturiasvaldivia.cl\/Instituto\/wp-content\/uploads\/2026\/03\/1MA-1024x724.png\" alt=\"\" class=\"wp-image-2862\" srcset=\"https:\/\/www.principedeasturiasvaldivia.cl\/Instituto\/wp-content\/uploads\/2026\/03\/1MA-1024x724.png 1024w, https:\/\/www.principedeasturiasvaldivia.cl\/Instituto\/wp-content\/uploads\/2026\/03\/1MA-300x212.png 300w, https:\/\/www.principedeasturiasvaldivia.cl\/Instituto\/wp-content\/uploads\/2026\/03\/1MA-768x543.png 768w, https:\/\/www.principedeasturiasvaldivia.cl\/Instituto\/wp-content\/uploads\/2026\/03\/1MA-1536x1086.png 1536w, https:\/\/www.principedeasturiasvaldivia.cl\/Instituto\/wp-content\/uploads\/2026\/03\/1MA-360x255.png 360w, https:\/\/www.principedeasturiasvaldivia.cl\/Instituto\/wp-content\/uploads\/2026\/03\/1MA.png 2000w\" sizes=\"auto, (max-width: 1024px) 100vw, 1024px\" \/><\/a><\/figure>\n\n\n\n<figure class=\"wp-block-image size-large\"><a href=\"https:\/\/www.principedeasturiasvaldivia.cl\/Instituto\/wp-content\/uploads\/2026\/03\/1MB.png\"><img loading=\"lazy\" decoding=\"async\" width=\"1024\" height=\"724\" data-id=\"2864\" src=\"https:\/\/www.principedeasturiasvaldivia.cl\/Instituto\/wp-content\/uploads\/2026\/03\/1MB-1024x724.png\" alt=\"\" class=\"wp-image-2864\" srcset=\"https:\/\/www.principedeasturiasvaldivia.cl\/Instituto\/wp-content\/uploads\/2026\/03\/1MB-1024x724.png 1024w, https:\/\/www.principedeasturiasvaldivia.cl\/Instituto\/wp-content\/uploads\/2026\/03\/1MB-300x212.png 300w, https:\/\/www.principedeasturiasvaldivia.cl\/Instituto\/wp-content\/uploads\/2026\/03\/1MB-768x543.png 768w, https:\/\/www.principedeasturiasvaldivia.cl\/Instituto\/wp-content\/uploads\/2026\/03\/1MB-1536x1086.png 1536w, https:\/\/www.principedeasturiasvaldivia.cl\/Instituto\/wp-content\/uploads\/2026\/03\/1MB-360x255.png 360w, https:\/\/www.principedeasturiasvaldivia.cl\/Instituto\/wp-content\/uploads\/2026\/03\/1MB.png 2000w\" sizes=\"auto, (max-width: 1024px) 100vw, 1024px\" \/><\/a><\/figure>\n\n\n\n<figure class=\"wp-block-image size-large\"><a href=\"https:\/\/www.principedeasturiasvaldivia.cl\/Instituto\/wp-content\/uploads\/2026\/03\/2MA.png\"><img loading=\"lazy\" decoding=\"async\" width=\"1024\" height=\"724\" data-id=\"2865\" src=\"https:\/\/www.principedeasturiasvaldivia.cl\/Instituto\/wp-content\/uploads\/2026\/03\/2MA-1024x724.png\" alt=\"\" class=\"wp-image-2865\" srcset=\"https:\/\/www.principedeasturiasvaldivia.cl\/Instituto\/wp-content\/uploads\/2026\/03\/2MA-1024x724.png 1024w, https:\/\/www.principedeasturiasvaldivia.cl\/Instituto\/wp-content\/uploads\/2026\/03\/2MA-300x212.png 300w, https:\/\/www.principedeasturiasvaldivia.cl\/Instituto\/wp-content\/uploads\/2026\/03\/2MA-768x543.png 768w, https:\/\/www.principedeasturiasvaldivia.cl\/Instituto\/wp-content\/uploads\/2026\/03\/2MA-1536x1086.png 1536w, https:\/\/www.principedeasturiasvaldivia.cl\/Instituto\/wp-content\/uploads\/2026\/03\/2MA-360x255.png 360w, https:\/\/www.principedeasturiasvaldivia.cl\/Instituto\/wp-content\/uploads\/2026\/03\/2MA.png 2000w\" sizes=\"auto, (max-width: 1024px) 100vw, 1024px\" \/><\/a><\/figure>\n\n\n\n<figure class=\"wp-block-image size-large\"><a href=\"https:\/\/www.principedeasturiasvaldivia.cl\/Instituto\/wp-content\/uploads\/2026\/03\/2MB.png\"><img loading=\"lazy\" decoding=\"async\" width=\"1024\" height=\"724\" data-id=\"2866\" src=\"https:\/\/www.principedeasturiasvaldivia.cl\/Instituto\/wp-content\/uploads\/2026\/03\/2MB-1024x724.png\" alt=\"\" class=\"wp-image-2866\" srcset=\"https:\/\/www.principedeasturiasvaldivia.cl\/Instituto\/wp-content\/uploads\/2026\/03\/2MB-1024x724.png 1024w, https:\/\/www.principedeasturiasvaldivia.cl\/Instituto\/wp-content\/uploads\/2026\/03\/2MB-300x212.png 300w, https:\/\/www.principedeasturiasvaldivia.cl\/Instituto\/wp-content\/uploads\/2026\/03\/2MB-768x543.png 768w, https:\/\/www.principedeasturiasvaldivia.cl\/Instituto\/wp-content\/uploads\/2026\/03\/2MB-1536x1086.png 1536w, https:\/\/www.principedeasturiasvaldivia.cl\/Instituto\/wp-content\/uploads\/2026\/03\/2MB-360x255.png 360w, https:\/\/www.principedeasturiasvaldivia.cl\/Instituto\/wp-content\/uploads\/2026\/03\/2MB.png 2000w\" sizes=\"auto, (max-width: 1024px) 100vw, 1024px\" \/><\/a><\/figure>\n\n\n\n<figure class=\"wp-block-image size-large\"><a href=\"https:\/\/www.principedeasturiasvaldivia.cl\/Instituto\/wp-content\/uploads\/2026\/03\/3MA.png\"><img loading=\"lazy\" decoding=\"async\" width=\"1024\" height=\"724\" data-id=\"2867\" src=\"https:\/\/www.principedeasturiasvaldivia.cl\/Instituto\/wp-content\/uploads\/2026\/03\/3MA-1024x724.png\" alt=\"\" class=\"wp-image-2867\" srcset=\"https:\/\/www.principedeasturiasvaldivia.cl\/Instituto\/wp-content\/uploads\/2026\/03\/3MA-1024x724.png 1024w, https:\/\/www.principedeasturiasvaldivia.cl\/Instituto\/wp-content\/uploads\/2026\/03\/3MA-300x212.png 300w, https:\/\/www.principedeasturiasvaldivia.cl\/Instituto\/wp-content\/uploads\/2026\/03\/3MA-768x543.png 768w, https:\/\/www.principedeasturiasvaldivia.cl\/Instituto\/wp-content\/uploads\/2026\/03\/3MA-1536x1086.png 1536w, https:\/\/www.principedeasturiasvaldivia.cl\/Instituto\/wp-content\/uploads\/2026\/03\/3MA-360x255.png 360w, https:\/\/www.principedeasturiasvaldivia.cl\/Instituto\/wp-content\/uploads\/2026\/03\/3MA.png 2000w\" sizes=\"auto, (max-width: 1024px) 100vw, 1024px\" \/><\/a><\/figure>\n\n\n\n<figure class=\"wp-block-image size-large\"><a href=\"https:\/\/www.principedeasturiasvaldivia.cl\/Instituto\/wp-content\/uploads\/2026\/03\/3MB.png\"><img loading=\"lazy\" decoding=\"async\" width=\"1024\" height=\"724\" data-id=\"2868\" src=\"https:\/\/www.principedeasturiasvaldivia.cl\/Instituto\/wp-content\/uploads\/2026\/03\/3MB-1024x724.png\" alt=\"\" class=\"wp-image-2868\" srcset=\"https:\/\/www.principedeasturiasvaldivia.cl\/Instituto\/wp-content\/uploads\/2026\/03\/3MB-1024x724.png 1024w, https:\/\/www.principedeasturiasvaldivia.cl\/Instituto\/wp-content\/uploads\/2026\/03\/3MB-300x212.png 300w, https:\/\/www.principedeasturiasvaldivia.cl\/Instituto\/wp-content\/uploads\/2026\/03\/3MB-768x543.png 768w, https:\/\/www.principedeasturiasvaldivia.cl\/Instituto\/wp-content\/uploads\/2026\/03\/3MB-1536x1086.png 1536w, https:\/\/www.principedeasturiasvaldivia.cl\/Instituto\/wp-content\/uploads\/2026\/03\/3MB-360x255.png 360w, https:\/\/www.principedeasturiasvaldivia.cl\/Instituto\/wp-content\/uploads\/2026\/03\/3MB.png 2000w\" sizes=\"auto, (max-width: 1024px) 100vw, 1024px\" \/><\/a><\/figure>\n\n\n\n<figure class=\"wp-block-image size-large\"><a href=\"https:\/\/www.principedeasturiasvaldivia.cl\/Instituto\/wp-content\/uploads\/2026\/03\/4MA.png\"><img loading=\"lazy\" decoding=\"async\" width=\"1024\" height=\"724\" data-id=\"2869\" src=\"https:\/\/www.principedeasturiasvaldivia.cl\/Instituto\/wp-content\/uploads\/2026\/03\/4MA-1024x724.png\" alt=\"\" class=\"wp-image-2869\" srcset=\"https:\/\/www.principedeasturiasvaldivia.cl\/Instituto\/wp-content\/uploads\/2026\/03\/4MA-1024x724.png 1024w, https:\/\/www.principedeasturiasvaldivia.cl\/Instituto\/wp-content\/uploads\/2026\/03\/4MA-300x212.png 300w, https:\/\/www.principedeasturiasvaldivia.cl\/Instituto\/wp-content\/uploads\/2026\/03\/4MA-768x543.png 768w, https:\/\/www.principedeasturiasvaldivia.cl\/Instituto\/wp-content\/uploads\/2026\/03\/4MA-1536x1086.png 1536w, https:\/\/www.principedeasturiasvaldivia.cl\/Instituto\/wp-content\/uploads\/2026\/03\/4MA-360x255.png 360w, https:\/\/www.principedeasturiasvaldivia.cl\/Instituto\/wp-content\/uploads\/2026\/03\/4MA.png 2000w\" sizes=\"auto, (max-width: 1024px) 100vw, 1024px\" \/><\/a><\/figure>\n\n\n\n<figure class=\"wp-block-image size-large\"><a href=\"https:\/\/www.principedeasturiasvaldivia.cl\/Instituto\/wp-content\/uploads\/2026\/03\/4MB.png\"><img loading=\"lazy\" decoding=\"async\" width=\"1024\" height=\"724\" data-id=\"2870\" src=\"https:\/\/www.principedeasturiasvaldivia.cl\/Instituto\/wp-content\/uploads\/2026\/03\/4MB-1024x724.png\" alt=\"\" class=\"wp-image-2870\" srcset=\"https:\/\/www.principedeasturiasvaldivia.cl\/Instituto\/wp-content\/uploads\/2026\/03\/4MB-1024x724.png 1024w, https:\/\/www.principedeasturiasvaldivia.cl\/Instituto\/wp-content\/uploads\/2026\/03\/4MB-300x212.png 300w, https:\/\/www.principedeasturiasvaldivia.cl\/Instituto\/wp-content\/uploads\/2026\/03\/4MB-768x543.png 768w, https:\/\/www.principedeasturiasvaldivia.cl\/Instituto\/wp-content\/uploads\/2026\/03\/4MB-1536x1086.png 1536w, https:\/\/www.principedeasturiasvaldivia.cl\/Instituto\/wp-content\/uploads\/2026\/03\/4MB-360x255.png 360w, https:\/\/www.principedeasturiasvaldivia.cl\/Instituto\/wp-content\/uploads\/2026\/03\/4MB.png 2000w\" sizes=\"auto, (max-width: 1024px) 100vw, 1024px\" \/><\/a><\/figure>\n<\/figure>\n\n\n\n<p>Ense\u00f1anza Media.<\/p>\n\n\n\n<figure class=\"wp-block-gallery has-nested-images columns-0 is-cropped wp-block-gallery-2 is-layout-flex wp-block-gallery-is-layout-flex\"><\/figure>\n","protected":false},"excerpt":{"rendered":"<p>Ense\u00f1anza B\u00e1sica. Ense\u00f1anza Media.<\/p>\n","protected":false},"author":1,"featured_media":0,"parent":0,"menu_order":0,"comment_status":"closed","ping_status":"closed","template":"","meta":{"ngg_post_thumbnail":0,"_expiration-date-status":"","_expiration-date":0,"_expiration-date-type":"","_expiration-date-categories":[],"_expiration-date-options":[],"footnotes":""},"class_list":["post-2548","page","type-page","status-publish","hentry"],"_links":{"self":[{"href":"https:\/\/www.principedeasturiasvaldivia.cl\/Instituto\/wp-json\/wp\/v2\/pages\/2548","targetHints":{"allow":["GET"]}}],"collection":[{"href":"https:\/\/www.principedeasturiasvaldivia.cl\/Instituto\/wp-json\/wp\/v2\/pages"}],"about":[{"href":"https:\/\/www.principedeasturiasvaldivia.cl\/Instituto\/wp-json\/wp\/v2\/types\/page"}],"author":[{"embeddable":true,"href":"https:\/\/www.principedeasturiasvaldivia.cl\/Instituto\/wp-json\/wp\/v2\/users\/1"}],"replies":[{"embeddable":true,"href":"https:\/\/www.principedeasturiasvaldivia.cl\/Instituto\/wp-json\/wp\/v2\/comments?post=2548"}],"version-history":[{"count":10,"href":"https:\/\/www.principedeasturiasvaldivia.cl\/Instituto\/wp-json\/wp\/v2\/pages\/2548\/revisions"}],"predecessor-version":[{"id":2871,"href":"https:\/\/www.principedeasturiasvaldivia.cl\/Instituto\/wp-json\/wp\/v2\/pages\/2548\/revisions\/2871"}],"wp:attachment":[{"href":"https:\/\/www.principedeasturiasvaldivia.cl\/Instituto\/wp-json\/wp\/v2\/media?parent=2548"}],"curies":[{"name":"wp","href":"https:\/\/api.w.org\/{rel}","templated":true}]}}