{"id":1111,"date":"2021-12-28T08:50:55","date_gmt":"2021-12-28T11:50:55","guid":{"rendered":"http:\/\/www.principedeasturiasvaldivia.cl\/Instituto\/?page_id=1111"},"modified":"2025-12-17T15:15:34","modified_gmt":"2025-12-17T18:15:34","slug":"1111-2","status":"publish","type":"page","link":"https:\/\/www.principedeasturiasvaldivia.cl\/Instituto\/1111-2\/","title":{"rendered":"Lectura complementarias a\u00f1o lectivo 2026."},"content":{"rendered":"\n<p><\/p>\n\n\n\n<p><\/p>\n\n\n\n<p><a href=\"https:\/\/www.principedeasturiasvaldivia.cl\/Instituto\/wp-content\/uploads\/2025\/12\/LECTURAS-COMPLEMENTARIAS-BASICA-2026.pdf\" data-type=\"URL\" data-id=\"http:\/\/www.principedeasturiasvaldivia.cl\/Instituto\/wp-content\/uploads\/2025\/02\/Lecturas-ensenanza-basica-2025-revisado-1.pdf\">Educaci\u00f3n B\u00e1sica<\/a><\/p>\n\n\n\n<p><\/p>\n\n\n\n<p><a href=\"https:\/\/www.principedeasturiasvaldivia.cl\/Instituto\/wp-content\/uploads\/2025\/12\/Lecturas-ensenanza-media-2026.pdf\" data-type=\"URL\" data-id=\"http:\/\/www.principedeasturiasvaldivia.cl\/Instituto\/wp-content\/uploads\/2025\/02\/Lecturas-ensenanza-media-2025-rev-1.pdf\">Educaci\u00f3n Media<\/a><\/p>\n\n\n\n<p><\/p>\n","protected":false},"excerpt":{"rendered":"<p>Educaci\u00f3n B\u00e1sica Educaci\u00f3n Media<\/p>\n","protected":false},"author":1,"featured_media":0,"parent":0,"menu_order":0,"comment_status":"closed","ping_status":"closed","template":"","meta":{"ngg_post_thumbnail":0,"_expiration-date-status":"","_expiration-date":0,"_expiration-date-type":"","_expiration-date-categories":[],"_expiration-date-options":[],"footnotes":""},"class_list":["post-1111","page","type-page","status-publish","hentry"],"_links":{"self":[{"href":"https:\/\/www.principedeasturiasvaldivia.cl\/Instituto\/wp-json\/wp\/v2\/pages\/1111","targetHints":{"allow":["GET"]}}],"collection":[{"href":"https:\/\/www.principedeasturiasvaldivia.cl\/Instituto\/wp-json\/wp\/v2\/pages"}],"about":[{"href":"https:\/\/www.principedeasturiasvaldivia.cl\/Instituto\/wp-json\/wp\/v2\/types\/page"}],"author":[{"embeddable":true,"href":"https:\/\/www.principedeasturiasvaldivia.cl\/Instituto\/wp-json\/wp\/v2\/users\/1"}],"replies":[{"embeddable":true,"href":"https:\/\/www.principedeasturiasvaldivia.cl\/Instituto\/wp-json\/wp\/v2\/comments?post=1111"}],"version-history":[{"count":9,"href":"https:\/\/www.principedeasturiasvaldivia.cl\/Instituto\/wp-json\/wp\/v2\/pages\/1111\/revisions"}],"predecessor-version":[{"id":2770,"href":"https:\/\/www.principedeasturiasvaldivia.cl\/Instituto\/wp-json\/wp\/v2\/pages\/1111\/revisions\/2770"}],"wp:attachment":[{"href":"https:\/\/www.principedeasturiasvaldivia.cl\/Instituto\/wp-json\/wp\/v2\/media?parent=1111"}],"curies":[{"name":"wp","href":"https:\/\/api.w.org\/{rel}","templated":true}]}}